{"id":945,"date":"2022-05-13T11:03:40","date_gmt":"2022-05-13T09:03:40","guid":{"rendered":"https:\/\/www.jomer.es\/tienda\/?post_type=product&#038;p=945"},"modified":"2025-10-13T09:32:45","modified_gmt":"2025-10-13T07:32:45","slug":"pimiento-cristal-rojo-asado-congelado-55-bolsas-de-250grs","status":"publish","type":"product","link":"https:\/\/www.jomer.es\/tienda\/producto\/pimiento-cristal-rojo-asado-congelado-55-bolsas-de-250grs\/","title":{"rendered":"Pimiento del Cristal Rojo Asado Congelado (55 bolsas de 250grs)"},"content":{"rendered":"<div class=\"wpb-content-wrapper\"><p>[vc_row][vc_column][vc_column_text]Pimientos Cristal rojo asado congelado.<\/p>\n<p>Envasados al vac\u00edo en su temporada y en el punto \u00f3ptimo de maduraci\u00f3n y sabor y con sus propiedades organol\u00e9pticas intactas: color, sabor, olor y textura.<\/p>\n<p>*transporte a temperatura refrigerada[\/vc_column_text][vc_raw_js]JTNDc2NyaXB0JTNFJTIwJTBBJTBBJTBBJTJGJTJBJTJBJTBBJTIwJTJBJTIwQ29sbGFwc2UlMjB0aGUlMjBEZXNjcmlwdGlvbiUyMHRhYiUyMHdoZW4lMjBpdCUyMGNvbWVzJTIwZmlyc3QlMjBpbiUyMHRoZSUyMGFjY29yZGlvbiUwQSUyMCUyQSUyRiUwQXNldFRpbWVvdXQlMjhmdW5jdGlvbiUyOCUyOSUyMCU3QiUwQSUyMCUyMCUyMCUyMHZhciUyMCUyNHRhYnMlMjAlM0QlMjBqUXVlcnklMjglMjAlMjcud2MtdGFicyUyQyUyMHVsLnRhYnMlMjclMjAlMjkuZmlyc3QlMjglMjklM0IlMEElMjAlMjAlMjAlMjAlMjR0YWJzLnBhcmVudCUyOCUyOS5maW5kJTI4JTI3JTIzdGFiLWRlc2NyaXB0aW9uJTI3JTI5LmhpZGUlMjglMjklM0IlMEElMjAlMjAlMjAlMjAlMjR0YWJzLnBhcmVudCUyOCUyOS5maW5kJTI4JTIwJTI3LnRhYi10aXRsZS1kZXNjcmlwdGlvbiUyNyUyMCUyOS5yZW1vdmVDbGFzcyUyOCUyN2FjdGl2ZSUyNyUyOSUzQiUwQSU3RCUyQyUyMDEwMDAlMjklM0IlMEElMEElMkYlMkElMkElMEElMjAlMkElMjBDb2xsYXBzZSUyMHRoZSUyMFJldmlld3MlMjB0YWIlMjB3aGVuJTIwaXQlMjBjb21lcyUyMGZpcnN0JTIwaW4lMjB0aGUlMjBhY2NvcmRpb24lMEElMjAlMkElMkYlMEFzZXRUaW1lb3V0JTI4ZnVuY3Rpb24lMjglMjklMjAlN0IlMEElMjAlMjAlMjAlMjB2YXIlMjAlMjR0YWJzJTIwJTNEJTIwalF1ZXJ5JTI4JTIwJTI3LndjLXRhYnMlMkMlMjB1bC50YWJzJTI3JTIwJTI5LmZpcnN0JTI4JTI5JTNCJTBBJTIwJTIwJTIwJTIwJTI0dGFicy5wYXJlbnQlMjglMjkuZmluZCUyOCUyNyUyM3RhYi1yZXZpZXdzJTI3JTI5LmhpZGUlMjglMjklM0IlMEElMjAlMjAlMjAlMjAlMjR0YWJzLnBhcmVudCUyOCUyOS5maW5kJTI4JTIwJTI3LnRhYi10aXRsZS1yZXZpZXdzJTI3JTIwJTI5LnJlbW92ZUNsYXNzJTI4JTI3YWN0aXZlJTI3JTI5JTNCJTBBJTdEJTJDJTIwMTAwMCUyOSUzQiUwQSUwQSUyRiUyQSUyQSUwQSUyMCUyQSUyMENvbGxhcHNlJTIwdGhlJTIwQWRkaXRpb25hbCUyMEluZm9ybWF0aW9uJTIwdGFiJTIwd2hlbiUyMGl0JTIwY29tZXMlMjBmaXJzdCUyMGluJTIwdGhlJTIwYWNjb3JkaW9uJTBBJTIwJTJBJTJGJTBBc2V0VGltZW91dCUyOGZ1bmN0aW9uJTI4JTI5JTIwJTdCJTBBJTIwJTIwJTIwJTIwdmFyJTIwJTI0dGFicyUyMCUzRCUyMGpRdWVyeSUyOCUyMCUyNy53Yy10YWJzJTJDJTIwdWwudGFicyUyNyUyMCUyOS5maXJzdCUyOCUyOSUzQiUwQSUyMCUyMCUyMCUyMCUyNHRhYnMucGFyZW50JTI4JTI5LmZpbmQlMjglMjclMjN0YWItYWRkaXRpb25hbF9pbmZvcm1hdGlvbiUyNyUyOS5oaWRlJTI4JTI5JTNCJTBBJTIwJTIwJTIwJTIwJTI0dGFicy5wYXJlbnQlMjglMjkuZmluZCUyOCUyMCUyNy50YWItdGl0bGUtYWRkaXRpb25hbF9pbmZvcm1hdGlvbiUyNyUyMCUyOS5yZW1vdmVDbGFzcyUyOCUyN2FjdGl2ZSUyNyUyOSUzQiUwQSU3RCUyQyUyMDEwMDAlMjklM0IlMEElMEFzZXRUaW1lb3V0JTI4ZnVuY3Rpb24lMjglMjklMjAlN0IlMEElMjAlMjAlMjAlMjB2YXIlMjAlMjR0YWJzJTIwJTNEJTIwalF1ZXJ5JTI4JTIwJTI3LndjLXRhYnMlMkMlMjB1bC50YWJzJTI3JTIwJTI5LmZpcnN0JTI4JTI5JTNCJTBBJTIwJTIwJTIwJTIwJTI0dGFicy5wYXJlbnQlMjglMjkuZmluZCUyOCUyNyUyM3RhYi1yZWNldGFzJTI3JTI5LmhpZGUlMjglMjklM0IlMEElMjAlMjAlMjAlMjAlMjR0YWJzLnBhcmVudCUyOCUyOS5maW5kJTI4JTIwJTI3LnRhYi10aXRsZS1yZWNldGFzJTI3JTIwJTI5LnJlbW92ZUNsYXNzJTI4JTI3YWN0aXZlJTI3JTI5JTNCJTBBJTdEJTJDJTIwMTAwMCUyOSUzQiUwQSUwQSUyMCUzQyUyRnNjcmlwdCUzRQ==[\/vc_raw_js][\/vc_column][\/vc_row]<\/p>\n<\/div>","protected":false},"excerpt":{"rendered":"<p>Producto de primera categor\u00eda. Es un producto que se env\u00eda congelado y refrigerado.<\/p>\n<p>El transporte es <strong>gratuito<\/strong> en cajas fabricadas con polipropileno expandido. Este embalaje es apto para el reparto de alimentos en bares, restaurantes e incluso helader\u00edas. Adem\u00e1s, dentro de las cajas se incluyen placas de refrigeraci\u00f3n para mantener el fr\u00edo.<\/p>\n<p>Pack de 55 bolsas de 250grs<\/p>\n<p>*transporte a temperatura refrigerada<\/p>\n<div style=\"width: 100%; background: #f1f1f1; margin-top: 10px; margin-left: 10px; margin-bottom: 10px; padding: 8px;\"><i class=\"fa fa-truck\"> <\/i>\u00a0\u00a0\u00a0Env\u00edo Express<br \/>\n<i class=\"fa fa-credit-card\"> <\/i>\u00a0\u00a0\u00a0Pago 100% seguro<br \/>\n<i class=\"fa fa-thumbs-o-up \"> <\/i>\u00a0\u00a0\u00a0Los mejores precios de internet<\/div>\n","protected":false},"featured_media":1335,"comment_status":"closed","ping_status":"closed","template":"","meta":[],"product_brand":[],"product_cat":[15,31],"product_tag":[],"class_list":{"0":"post-945","1":"product","2":"type-product","3":"status-publish","4":"has-post-thumbnail","6":"product_cat-otros","7":"product_cat-verduras","9":"first","10":"instock","11":"taxable","12":"shipping-taxable","13":"purchasable","14":"product-type-simple"},"_links":{"self":[{"href":"https:\/\/www.jomer.es\/tienda\/wp-json\/wp\/v2\/product\/945","targetHints":{"allow":["GET"]}}],"collection":[{"href":"https:\/\/www.jomer.es\/tienda\/wp-json\/wp\/v2\/product"}],"about":[{"href":"https:\/\/www.jomer.es\/tienda\/wp-json\/wp\/v2\/types\/product"}],"replies":[{"embeddable":true,"href":"https:\/\/www.jomer.es\/tienda\/wp-json\/wp\/v2\/comments?post=945"}],"wp:featuredmedia":[{"embeddable":true,"href":"https:\/\/www.jomer.es\/tienda\/wp-json\/wp\/v2\/media\/1335"}],"wp:attachment":[{"href":"https:\/\/www.jomer.es\/tienda\/wp-json\/wp\/v2\/media?parent=945"}],"wp:term":[{"taxonomy":"product_brand","embeddable":true,"href":"https:\/\/www.jomer.es\/tienda\/wp-json\/wp\/v2\/product_brand?post=945"},{"taxonomy":"product_cat","embeddable":true,"href":"https:\/\/www.jomer.es\/tienda\/wp-json\/wp\/v2\/product_cat?post=945"},{"taxonomy":"product_tag","embeddable":true,"href":"https:\/\/www.jomer.es\/tienda\/wp-json\/wp\/v2\/product_tag?post=945"}],"curies":[{"name":"wp","href":"https:\/\/api.w.org\/{rel}","templated":true}]}}