{"id":1664,"date":"2022-11-25T12:16:45","date_gmt":"2022-11-25T10:16:45","guid":{"rendered":"https:\/\/www.jomer.es\/tienda\/?post_type=product&#038;p=1664"},"modified":"2025-10-13T09:32:44","modified_gmt":"2025-10-13T07:32:44","slug":"alcachofa-de-tudela-fresca-limpia-entera-perfecta-para-confitar-12-unidades","status":"publish","type":"product","link":"https:\/\/www.jomer.es\/tienda\/producto\/alcachofa-de-tudela-fresca-limpia-entera-perfecta-para-confitar-12-unidades\/","title":{"rendered":"Alcachofa de Tudela fresca limpia ENTERA (perfecta para confitar) &#8211; 12 unidades"},"content":{"rendered":"<div class=\"wpb-content-wrapper\"><p>[vc_row][vc_column][vc_column_text]Alcachofa fresca limpia de Tudela. 12 unidades ENTERAS &#8211; perfecta para confitar<\/p>\n<p>*transporte a temperatura refrigerada[\/vc_column_text][vc_raw_js]JTNDc2NyaXB0JTNFJTIwJTBBJTBBJTBBJTJGJTJBJTJBJTBBJTIwJTJBJTIwQ29sbGFwc2UlMjB0aGUlMjBEZXNjcmlwdGlvbiUyMHRhYiUyMHdoZW4lMjBpdCUyMGNvbWVzJTIwZmlyc3QlMjBpbiUyMHRoZSUyMGFjY29yZGlvbiUwQSUyMCUyQSUyRiUwQXNldFRpbWVvdXQlMjhmdW5jdGlvbiUyOCUyOSUyMCU3QiUwQSUyMCUyMCUyMCUyMHZhciUyMCUyNHRhYnMlMjAlM0QlMjBqUXVlcnklMjglMjAlMjcud2MtdGFicyUyQyUyMHVsLnRhYnMlMjclMjAlMjkuZmlyc3QlMjglMjklM0IlMEElMjAlMjAlMjAlMjAlMjR0YWJzLnBhcmVudCUyOCUyOS5maW5kJTI4JTI3JTIzdGFiLWRlc2NyaXB0aW9uJTI3JTI5LmhpZGUlMjglMjklM0IlMEElMjAlMjAlMjAlMjAlMjR0YWJzLnBhcmVudCUyOCUyOS5maW5kJTI4JTIwJTI3LnRhYi10aXRsZS1kZXNjcmlwdGlvbiUyNyUyMCUyOS5yZW1vdmVDbGFzcyUyOCUyN2FjdGl2ZSUyNyUyOSUzQiUwQSU3RCUyQyUyMDEwMDAlMjklM0IlMEElMEElMkYlMkElMkElMEElMjAlMkElMjBDb2xsYXBzZSUyMHRoZSUyMFJldmlld3MlMjB0YWIlMjB3aGVuJTIwaXQlMjBjb21lcyUyMGZpcnN0JTIwaW4lMjB0aGUlMjBhY2NvcmRpb24lMEElMjAlMkElMkYlMEFzZXRUaW1lb3V0JTI4ZnVuY3Rpb24lMjglMjklMjAlN0IlMEElMjAlMjAlMjAlMjB2YXIlMjAlMjR0YWJzJTIwJTNEJTIwalF1ZXJ5JTI4JTIwJTI3LndjLXRhYnMlMkMlMjB1bC50YWJzJTI3JTIwJTI5LmZpcnN0JTI4JTI5JTNCJTBBJTIwJTIwJTIwJTIwJTI0dGFicy5wYXJlbnQlMjglMjkuZmluZCUyOCUyNyUyM3RhYi1yZXZpZXdzJTI3JTI5LmhpZGUlMjglMjklM0IlMEElMjAlMjAlMjAlMjAlMjR0YWJzLnBhcmVudCUyOCUyOS5maW5kJTI4JTIwJTI3LnRhYi10aXRsZS1yZXZpZXdzJTI3JTIwJTI5LnJlbW92ZUNsYXNzJTI4JTI3YWN0aXZlJTI3JTI5JTNCJTBBJTdEJTJDJTIwMTAwMCUyOSUzQiUwQSUwQSUyRiUyQSUyQSUwQSUyMCUyQSUyMENvbGxhcHNlJTIwdGhlJTIwQWRkaXRpb25hbCUyMEluZm9ybWF0aW9uJTIwdGFiJTIwd2hlbiUyMGl0JTIwY29tZXMlMjBmaXJzdCUyMGluJTIwdGhlJTIwYWNjb3JkaW9uJTBBJTIwJTJBJTJGJTBBc2V0VGltZW91dCUyOGZ1bmN0aW9uJTI4JTI5JTIwJTdCJTBBJTIwJTIwJTIwJTIwdmFyJTIwJTI0dGFicyUyMCUzRCUyMGpRdWVyeSUyOCUyMCUyNy53Yy10YWJzJTJDJTIwdWwudGFicyUyNyUyMCUyOS5maXJzdCUyOCUyOSUzQiUwQSUyMCUyMCUyMCUyMCUyNHRhYnMucGFyZW50JTI4JTI5LmZpbmQlMjglMjclMjN0YWItYWRkaXRpb25hbF9pbmZvcm1hdGlvbiUyNyUyOS5oaWRlJTI4JTI5JTNCJTBBJTIwJTIwJTIwJTIwJTI0dGFicy5wYXJlbnQlMjglMjkuZmluZCUyOCUyMCUyNy50YWItdGl0bGUtYWRkaXRpb25hbF9pbmZvcm1hdGlvbiUyNyUyMCUyOS5yZW1vdmVDbGFzcyUyOCUyN2FjdGl2ZSUyNyUyOSUzQiUwQSU3RCUyQyUyMDEwMDAlMjklM0IlMEElMEFzZXRUaW1lb3V0JTI4ZnVuY3Rpb24lMjglMjklMjAlN0IlMEElMjAlMjAlMjAlMjB2YXIlMjAlMjR0YWJzJTIwJTNEJTIwalF1ZXJ5JTI4JTIwJTI3LndjLXRhYnMlMkMlMjB1bC50YWJzJTI3JTIwJTI5LmZpcnN0JTI4JTI5JTNCJTBBJTIwJTIwJTIwJTIwJTI0dGFicy5wYXJlbnQlMjglMjkuZmluZCUyOCUyNyUyM3RhYi1yZWNldGFzJTI3JTI5LmhpZGUlMjglMjklM0IlMEElMjAlMjAlMjAlMjAlMjR0YWJzLnBhcmVudCUyOCUyOS5maW5kJTI4JTIwJTI3LnRhYi10aXRsZS1yZWNldGFzJTI3JTIwJTI5LnJlbW92ZUNsYXNzJTI4JTI3YWN0aXZlJTI3JTI5JTNCJTBBJTdEJTJDJTIwMTAwMCUyOSUzQiUwQSUwQSUyMCUzQyUyRnNjcmlwdCUzRQ==[\/vc_raw_js][\/vc_column][\/vc_row]<\/p>\n<\/div>","protected":false},"excerpt":{"rendered":"<h2><strong>MODO DE PREPARACI\u00d3N\u00a0<\/strong><\/h2>\n<ol>\n<li style=\"list-style-type: none;\">\n<ol>\n<li>Incorporar al agua hirviendo con 1,5 litros (no abrir envase hasta que no empiece a hervir) SIN BOLSA con sal al gusto (recomendamos entre 25 y 40 gr.)\u00a0 Hervir durante 8\/15 minutos dependiendo de la potencia del fuego. Nosotros recomendamos m\u00e1xima potencia. Comprobar si el producto est\u00e1 bien cocido presionando con un tenedor contra la pared de la cazuela. Seguidamente, y cuando haya comprobado que est\u00e1 cocido a su gusto, escurrir el agua completamente y componer con sofrito de aceite de oliva y ajo. Nosotros recomendamos acompa\u00f1arlo con trocitos o dados de jam\u00f3n serrano.<\/li>\n<li>Tambi\u00e9n son muy buenas directamente a la plancha con sal.<\/li>\n<\/ol>\n<\/li>\n<\/ol>\n<p>Producto libre de conservantes ni aditivos. Se puede congelar. Envase 100% reciclable.<\/p>\n<p>&nbsp;<\/p>\n<p><strong>Cada caja contiene 12 bolsas de 1 una docena.\u00a0<\/strong><\/p>\n<div style=\"width: 80%; background: #f1f1f1; margin-top: 10px; margin-left: 10px; margin-bottom: 10px; padding: 8px;\"><i class=\"fa fa-truck\"> <\/i>\u00a0 \u00a0Env\u00edo Express &#8211; Portes Incluidos.<br \/>\n<i class=\"fa fa-credit-card\"> <\/i>\u00a0\u00a0\u00a0Pago 100% seguro.<br \/>\n<i class=\"fa fa-thumbs-o-up \"> <\/i>\u00a0\u00a0\u00a0Los mejores precios de internet.<\/div>\n<div>*transporte a temperatura refrigerada<\/div>\n<div><\/div>\n","protected":false},"featured_media":1665,"comment_status":"closed","ping_status":"closed","template":"","meta":[],"product_brand":[],"product_cat":[15,130,31],"product_tag":[82,112,127,128,76,80,57,56],"class_list":{"0":"post-1664","1":"product","2":"type-product","3":"status-publish","4":"has-post-thumbnail","6":"product_cat-otros","7":"product_cat-producto-fresco","8":"product_cat-verduras","9":"product_tag-alcachofa","10":"product_tag-alcachofa-do-tudela","11":"product_tag-alcachofa-limpia","12":"product_tag-alcachofa-tudela","13":"product_tag-huerta-navarra","14":"product_tag-huerta-tudela","15":"product_tag-navarra","16":"product_tag-tudela","18":"first","19":"instock","20":"taxable","21":"shipping-taxable","22":"product-type-simple"},"_links":{"self":[{"href":"https:\/\/www.jomer.es\/tienda\/wp-json\/wp\/v2\/product\/1664","targetHints":{"allow":["GET"]}}],"collection":[{"href":"https:\/\/www.jomer.es\/tienda\/wp-json\/wp\/v2\/product"}],"about":[{"href":"https:\/\/www.jomer.es\/tienda\/wp-json\/wp\/v2\/types\/product"}],"replies":[{"embeddable":true,"href":"https:\/\/www.jomer.es\/tienda\/wp-json\/wp\/v2\/comments?post=1664"}],"wp:featuredmedia":[{"embeddable":true,"href":"https:\/\/www.jomer.es\/tienda\/wp-json\/wp\/v2\/media\/1665"}],"wp:attachment":[{"href":"https:\/\/www.jomer.es\/tienda\/wp-json\/wp\/v2\/media?parent=1664"}],"wp:term":[{"taxonomy":"product_brand","embeddable":true,"href":"https:\/\/www.jomer.es\/tienda\/wp-json\/wp\/v2\/product_brand?post=1664"},{"taxonomy":"product_cat","embeddable":true,"href":"https:\/\/www.jomer.es\/tienda\/wp-json\/wp\/v2\/product_cat?post=1664"},{"taxonomy":"product_tag","embeddable":true,"href":"https:\/\/www.jomer.es\/tienda\/wp-json\/wp\/v2\/product_tag?post=1664"}],"curies":[{"name":"wp","href":"https:\/\/api.w.org\/{rel}","templated":true}]}}