{"id":882,"date":"2022-05-11T09:08:25","date_gmt":"2022-05-11T07:08:25","guid":{"rendered":"https:\/\/www.jomer.es\/tienda\/?page_id=882"},"modified":"2025-11-11T09:50:04","modified_gmt":"2025-11-11T07:50:04","slug":"verduras-frescas-para-hosteleria","status":"publish","type":"page","link":"https:\/\/www.jomer.es\/tienda\/verduras-frescas-para-hosteleria\/","title":{"rendered":"Distribuidor Mayorista de Verduras para Hosteler\u00eda"},"content":{"rendered":"<div class=\"wpb-content-wrapper\"><p>[vc_row][vc_column parallax=\u00bbcontent-moving\u00bb parallax_image=\u00bb898&#8243; css=\u00bb.vc_custom_1652257551496{padding-right: 444px !important;}\u00bb][vc_column_text css=\u00bb.vc_custom_1759740837429{padding-right: 111px !important;}\u00bb]Somos productores y distribudores de frutas y verduras localizados en Tudela \u2013 Navarra, tambi\u00e9n conocida como \u00abla Capital de las Verduras\u00bb.<\/p>\n<p>Desde nuestro almac\u00e9n central, nuestros repartidores abastecen diariamente a los comercios de Tudela y cercan\u00edas as\u00ed como establecimientos hosteleros, comedores, tiendas y empresas de todo el pa\u00eds. Tambi\u00e9n contamos con tiendas propias para dar servicio a particulares.<\/p>\n<p>Ahora tambi\u00e9n puedes conseguir nuestra mejor fruta y verdura sin moverte de casa a trav\u00e9s de nuestra tienda online.<\/p>\n<p>Nuestro principal mercado es el servicio de entrega de frutas y verduras a tiempo para el sector profesional: hosteler\u00eda, comercios, restaurantes, bares, comedores escolares, empresas de catering y servicios a comunidades, supermercados, tiendas gourmet.<\/p>\n<p>Estos establecimientos se dirigen a nosotros para comprar alcachofas y cogollos de Tudela, tomate feo as\u00ed como cualquier otro producto de la huerta al por mayor de primera calidad.<\/p>\n<p>A trav\u00e9s de esta tienda online se pueden hacer los pedidos que recibir\u00e1s puntualmente en cualquier parte de Espa\u00f1a peninsular.<\/p>\n<p>Para env\u00edos de verduras a Ceuta, Melilla e islas: <a href=\"https:\/\/www.jomer.es\/tienda\/contacts\/\">consultar aqu\u00ed<\/a>.<\/p>\n<p>Nuestros clientes profesionales disfrutan de ventajas especiales tales como:<\/p>\n<ul>\n<li>Soporte telef\u00f3nico y por email preferente<\/li>\n<li>Acceso a promociones, descuentos y ofertas especiales todo el a\u00f1o<\/li>\n<li>Formas de pago extendidas<\/li>\n<li>Ventajas en compra de verduras online<\/li>\n<li>Precios de mayorista directos de nuestros almacenes<\/li>\n<li>Especialistas en Verduras para Canal Horeca, hosteler\u00eda, Hoteles, Restaurantes, Caterings, tiendas Gourmet, Delicatessen y Cocina de Autor.<\/li>\n<li>Verduras de Tudela a domicilio IV Gama.<\/li>\n<li>Comprar Alcachofa de Tudela Online.<\/li>\n<\/ul>\n<p>\u00bfHay alg\u00fan producto que necesitas y no lo encuentras en esta web? Av\u00edsanos para activ\u00e1rtelo.[\/vc_column_text][\/vc_column][\/vc_row]<\/p>\n<\/div>","protected":false},"excerpt":{"rendered":"<p>[vc_row][vc_column parallax=\u00bbcontent-moving\u00bb parallax_image=\u00bb898&#8243; css=\u00bb.vc_custom_1652257551496{padding-right: 444px !important;}\u00bb][vc_column_text css=\u00bb.vc_custom_1759740837429{padding-right: 111px !important;}\u00bb]Somos productores y distribudores de frutas y verduras localizados en Tudela \u2013&hellip; <\/p>\n","protected":false},"author":1,"featured_media":0,"parent":0,"menu_order":0,"comment_status":"closed","ping_status":"closed","template":"","meta":{"footnotes":""},"class_list":["post-882","page","type-page","status-publish","hentry"],"_links":{"self":[{"href":"https:\/\/www.jomer.es\/tienda\/wp-json\/wp\/v2\/pages\/882","targetHints":{"allow":["GET"]}}],"collection":[{"href":"https:\/\/www.jomer.es\/tienda\/wp-json\/wp\/v2\/pages"}],"about":[{"href":"https:\/\/www.jomer.es\/tienda\/wp-json\/wp\/v2\/types\/page"}],"author":[{"embeddable":true,"href":"https:\/\/www.jomer.es\/tienda\/wp-json\/wp\/v2\/users\/1"}],"replies":[{"embeddable":true,"href":"https:\/\/www.jomer.es\/tienda\/wp-json\/wp\/v2\/comments?post=882"}],"version-history":[{"count":1,"href":"https:\/\/www.jomer.es\/tienda\/wp-json\/wp\/v2\/pages\/882\/revisions"}],"predecessor-version":[{"id":2100,"href":"https:\/\/www.jomer.es\/tienda\/wp-json\/wp\/v2\/pages\/882\/revisions\/2100"}],"wp:attachment":[{"href":"https:\/\/www.jomer.es\/tienda\/wp-json\/wp\/v2\/media?parent=882"}],"curies":[{"name":"wp","href":"https:\/\/api.w.org\/{rel}","templated":true}]}}