{"id":297,"date":"2021-03-19T19:43:18","date_gmt":"2021-03-19T17:43:18","guid":{"rendered":"http:\/\/jomer.es\/tienda\/?page_id=297"},"modified":"2025-10-29T09:59:59","modified_gmt":"2025-10-29T07:59:59","slug":"productostock","status":"publish","type":"page","link":"https:\/\/www.jomer.es\/tienda\/productostock\/","title":{"rendered":"Productos con stock"},"content":{"rendered":"<div class=\"wpb-content-wrapper\"><p>[vc_row full_width=\u00bbstretch_row\u00bb full_height=\u00bbyes\u00bb columns_placement=\u00bbtop\u00bb content_placement=\u00bbtop\u00bb video_bg=\u00bbyes\u00bb video_bg_url=\u00bbhttps:\/\/www.youtube.com\/watch?v=rt_tgQ_wRjs?start=1&amp;autoplay=1&#8243; css_animation=\u00bbbounceIn\u00bb][vc_column width=\u00bb1\/2&#8243;][vc_row_inner][vc_column_inner][vc_column_text css_animation=\u00bbnone\u00bb]<\/p>\r\n<h3 style=\"text-align: center;\">Alcachofa Confitada Congelada de Tudela 20 cajas de 12 docenas<\/h3>\r\n<p>[\/vc_column_text][vc_single_image image=\u00bb2090&#8243; alignment=\u00bbcenter\u00bb onclick=\u00bbimg_link_large\u00bb css_animation=\u00bbnone\u00bb][vc_btn title=\u00bbAlcachofa confitada\u00bb style=\u00bbclassic\u00bb shape=\u00bbround\u00bb color=\u00bbinfo\u00bb size=\u00bblg\u00bb align=\u00bbcenter\u00bb css_animation=\u00bbfadeIn\u00bb link=\u00bburl:https%3A%2F%2Fwww.jomer.es%2Ftienda%2Fproducto%2Falcachofa-confitada-de-tudela%2F|title:Alcachofa%20Confitada%20de%20Tudela%2020%20cajas%20de%2012%20docenas\u00bb][vc_column_text css_animation=\u00bbnone\u00bb]<\/p>\r\n<h3 style=\"text-align: center;\">Pimientos del cristal 20 envases de 250 gr<\/h3>\r\n<p>[\/vc_column_text][vc_single_image image=\u00bb1686&#8243; alignment=\u00bbcenter\u00bb onclick=\u00bbimg_link_large\u00bb css_animation=\u00bbnone\u00bb][vc_btn title=\u00bbPimiento del cristal\u00bb style=\u00bbclassic\u00bb shape=\u00bbround\u00bb color=\u00bbinfo\u00bb size=\u00bblg\u00bb align=\u00bbcenter\u00bb css_animation=\u00bbfadeIn\u00bb link=\u00bburl:https%3A%2F%2Fwww.jomer.es%2Ftienda%2Fproducto%2Fpimiento-del-cristal%2F|title:Pimiento%20del%20cristal\u00bb][vc_column_text css_animation=\u00bbnone\u00bb]<\/p>\r\n<h3 style=\"text-align: center;\">Alcachofa 20 cajas de 12 UN<\/h3>\r\n<p>[\/vc_column_text][vc_single_image image=\u00bb2082&#8243; alignment=\u00bbcenter\u00bb onclick=\u00bbimg_link_large\u00bb css_animation=\u00bbfadeIn\u00bb][vc_btn title=\u00bbAlcachofas\u00bb style=\u00bbclassic\u00bb shape=\u00bbround\u00bb color=\u00bbinfo\u00bb size=\u00bblg\u00bb align=\u00bbcenter\u00bb css_animation=\u00bbnone\u00bb][vc_column_text css_animation=\u00bbnone\u00bb]<\/p>\r\n<h3 style=\"text-align: center;\">Pochas de tudela 12 paquetes de 1kg<\/h3>\r\n<p>[\/vc_column_text][vc_single_image image=\u00bb2069&#8243; alignment=\u00bbcenter\u00bb onclick=\u00bbimg_link_large\u00bb css_animation=\u00bbfadeIn\u00bb][vc_btn title=\u00bbPochas\u00bb style=\u00bbclassic\u00bb shape=\u00bbround\u00bb color=\u00bbinfo\u00bb size=\u00bblg\u00bb align=\u00bbcenter\u00bb css_animation=\u00bbnone\u00bb link=\u00bburl:https%3A%2F%2Fwww.jomer.es%2Ftienda%2Fproducto%2Fpochas-de-tudela%2F|title:Pochas%20de%20tudela\u00bb][\/vc_column_inner][\/vc_row_inner][\/vc_column][vc_column parallax=\u00bbcontent-moving\u00bb width=\u00bb1\/2&#8243; css=\u00bb.vc_custom_1652254679606{margin-right: 11px !important;background-color: rgba(234,234,234,0.91) !important;*background-color: rgb(234,234,234) !important;}\u00bb][vc_column_text]<\/p>\r\n<h6><\/h6>\r\n<h6><span style=\"color: #000000;\">Somos productores y distribudores de frutas y verduras localizados en Tudela &#8211; Navarra, tambi\u00e9n conocida como \u00abla Capital de las Verduras\u00bb.<\/span><\/h6>\r\n<p><span style=\"color: #000000;\"><\/span><\/p>\r\n<p>Desde nuestro almac\u00e9n central, nuestros repartidores abastecen diariamente a los comercios de Tudela y cercan\u00edas as\u00ed como <a href=\"https:\/\/www.jomer.es\/tienda\/verduras-frescas-para-hosteleria\/\">establecimientos hosteleros<\/a>, comedores, tiendas y empresas de todo el pa\u00eds. Tambi\u00e9n contamos con tiendas propias para dar servicio a particulares.<\/p>\r\n<p><span style=\"color: #000000;\"><\/span><\/p>\r\n<p>Ahora tambi\u00e9n puedes conseguir nuestra mejor fruta y verdura sin moverte de casa a trav\u00e9s de nuestra tienda online.<\/p>\r\n<blockquote>\r\n<p><span style=\"color: #000000;\">Nuestros 40 a\u00f1os de presencia en el mercado nos avalan como garant\u00eda de producto de primera calidad.<\/span><\/p>\r\n<\/blockquote>\r\n<p>[\/vc_column_text][vc_separator color=\u00bborange\u00bb border_width=\u00bb5&#8243;][vc_single_image image=\u00bb1298&#8243; alignment=\u00bbcenter\u00bb][vc_single_image image=\u00bb1307&#8243; alignment=\u00bbcenter\u00bb][vc_single_image image=\u00bb1312&#8243; alignment=\u00bbcenter\u00bb][vc_single_image image=\u00bb1320&#8243; alignment=\u00bbcenter\u00bb][vc_separator color=\u00bborange\u00bb border_width=\u00bb5&#8243;][vc_separator color=\u00bborange\u00bb border_width=\u00bb5&#8243;][vc_separator color=\u00bborange\u00bb border_width=\u00bb5&#8243;][\/vc_column][\/vc_row][vc_row disable_element=\u00bbyes\u00bb][vc_column][vc_raw_html]JTVCQ09VTlRFUl9OVU1CRVIlMjBpZCUzRDM2MSU1RA==[\/vc_raw_html][\/vc_column][\/vc_row][vc_row][vc_column][vc_custom_heading text=\u00bbNuestras Ventajas\u00bb use_theme_fonts=\u00bbyes\u00bb][\/vc_column][\/vc_row][vc_row][vc_column width=\u00bb1\/3&#8243;][vc_hoverbox image=\u00bb378&#8243; primary_title=\u00bbMejor precio\u00bb hover_title=\u00bbEliminamos intermediarios\u00bb hover_background_color=\u00bborange\u00bb css=\u00bb.vc_custom_1619864312808{background-color: #bcbcbc !important;}\u00bb]Env\u00edo directo del almac\u00e9n en Tudela[\/vc_hoverbox][\/vc_column][vc_column width=\u00bb1\/3&#8243;][vc_hoverbox image=\u00bb378&#8243; primary_title=\u00bbFrescura\u00bb hover_title=\u00bbDe la mata al puchero\u00bb hover_background_color=\u00bbsky\u00bb css=\u00bb.vc_custom_1619864363937{background-color: #bcbcbc !important;}\u00bb]Recibimos g\u00e9nero diariamente en \u00f3ptimo estado de recolecci\u00f3n y en <strong>24h<\/strong> puedes estar disfrutando de \u00e9l. <strong>Siempre tenemos stock<\/strong> de los productos que se pueden comprar en nuestra tienda online[\/vc_hoverbox][\/vc_column][vc_column width=\u00bb1\/3&#8243;][vc_hoverbox image=\u00bb378&#8243; primary_title=\u00bbGarant\u00eda de sabor\u00bb hover_title=\u00bbProducto de Tudela de primera categor\u00eda\u00bb hover_background_color=\u00bbvista-blue\u00bb css=\u00bb.vc_custom_1619864445663{background-color: #bcbcbc !important;}\u00bb]Env\u00edo directo del almac\u00e9n en Tudela[\/vc_hoverbox][\/vc_column][\/vc_row][vc_row full_width=\u00bbstretch_row_content\u00bb content_placement=\u00bbmiddle\u00bb parallax=\u00bbcontent-moving\u00bb css=\u00bb.vc_custom_1616182840914{background-color: #6d6d6d !important;border-radius: 2px !important;}\u00bb][vc_column parallax=\u00bbcontent-moving\u00bb parallax_speed_bg=\u00bb1&#8243; css_animation=\u00bbzoomInUp\u00bb][vc_column_text]<\/p>\r\n<h2 style=\"text-align: center;\"><strong><span style=\"color: #ffffff;\">La pasi\u00f3n de nuestros agricultores por su tierra es la <span style=\"color: #ffff99;\">garant\u00eda<\/span> de sabor de nuestros productos<\/span><\/strong><\/h2>\r\n<p>[\/vc_column_text][\/vc_column][\/vc_row]<\/p><\/div>","protected":false},"excerpt":{"rendered":"<p>[vc_row full_width=\u00bbstretch_row\u00bb full_height=\u00bbyes\u00bb columns_placement=\u00bbtop\u00bb content_placement=\u00bbtop\u00bb video_bg=\u00bbyes\u00bb video_bg_url=\u00bbhttps:\/\/www.youtube.com\/watch?v=rt_tgQ_wRjs?start=1&amp;autoplay=1&#8243; css_animation=\u00bbbounceIn\u00bb][vc_column width=\u00bb1\/2&#8243;][vc_row_inner][vc_column_inner][vc_column_text css_animation=\u00bbnone\u00bb] Alcachofa Confitada Congelada de Tudela 20 cajas de 12 docenas&hellip; <\/p>\n","protected":false},"author":1,"featured_media":0,"parent":0,"menu_order":0,"comment_status":"closed","ping_status":"closed","template":"","meta":{"footnotes":""},"class_list":["post-297","page","type-page","status-publish","hentry"],"_links":{"self":[{"href":"https:\/\/www.jomer.es\/tienda\/wp-json\/wp\/v2\/pages\/297","targetHints":{"allow":["GET"]}}],"collection":[{"href":"https:\/\/www.jomer.es\/tienda\/wp-json\/wp\/v2\/pages"}],"about":[{"href":"https:\/\/www.jomer.es\/tienda\/wp-json\/wp\/v2\/types\/page"}],"author":[{"embeddable":true,"href":"https:\/\/www.jomer.es\/tienda\/wp-json\/wp\/v2\/users\/1"}],"replies":[{"embeddable":true,"href":"https:\/\/www.jomer.es\/tienda\/wp-json\/wp\/v2\/comments?post=297"}],"version-history":[{"count":3,"href":"https:\/\/www.jomer.es\/tienda\/wp-json\/wp\/v2\/pages\/297\/revisions"}],"predecessor-version":[{"id":2097,"href":"https:\/\/www.jomer.es\/tienda\/wp-json\/wp\/v2\/pages\/297\/revisions\/2097"}],"wp:attachment":[{"href":"https:\/\/www.jomer.es\/tienda\/wp-json\/wp\/v2\/media?parent=297"}],"curies":[{"name":"wp","href":"https:\/\/api.w.org\/{rel}","templated":true}]}}